{"id":10,"date":"2018-09-04T12:41:57","date_gmt":"2018-09-04T12:41:57","guid":{"rendered":"http:\/\/www.protusaatio.fi\/?page_id=10"},"modified":"2018-09-04T12:41:57","modified_gmt":"2018-09-04T12:41:57","slug":"eettiset-linjaukset","status":"publish","type":"page","link":"http:\/\/www.protusaatio.fi\/?page_id=10","title":{"rendered":"Eettiset linjaukset"},"content":{"rendered":"<div id=\"comp-jj5zrpwp\" class=\"txtNew\" data-packed=\"true\">\n<h5 class=\"font_5\"><span class=\"color_18\"><a>s\u00e4\u00e4ti\u00f6n Eettisen toiminnan linjaukset<\/a><\/span><\/h5>\n<\/div>\n<div id=\"comp-jj5zrpwr\" class=\"txtNew\" data-packed=\"false\" data-min-height=\"412\">\n<h6 class=\"font_6\">Linjauksen teht\u00e4v\u00e4<\/h6>\n<p class=\"font_8\">\n<p class=\"font_8\">T\u00e4m\u00e4n linjauksen teht\u00e4v\u00e4n\u00e4 on olla helposti ymm\u00e4rrett\u00e4viss\u00e4 oleva asiakirja, jonka mukaan s\u00e4\u00e4ti\u00f6 toimii sijoittaessaan ja hallinnoidessa sen hallussa olevaa omaisuutta. Linjaus on vahvistettu s\u00e4\u00e4ti\u00f6n hallituksen kokouksessa 3\/2017 torstaina 23.03.2017 ja se on voimassa v\u00e4litt\u00f6m\u00e4sti.<\/p>\n<p class=\"font_8\"><span class=\"wixGuard\">\u200b<\/span><\/p>\n<h6 class=\"font_6\"><\/h6>\n<h6 class=\"font_6\">Sijoitusstrategia ja eettinen vastuullisuus<\/h6>\n<p class=\"font_8\">\n<p class=\"font_8\">Eettinen vastuullisuus on s\u00e4\u00e4ti\u00f6n yksi kantavista teemoista, joten pyrimme kaikessa toiminnassamme huomioimaan eettisesti vastuullisen toiminnan periaatteita. Sijoitusstrategiassa t\u00e4m\u00e4 n\u00e4kyy niin, ett\u00e4 v\u00e4lt\u00e4mme aktiivisesti ep\u00e4eettiseksi luettavia teollisuudenaloja ja toimintoja, jotka luetellaan my\u00f6hemmin. S\u00e4\u00e4ti\u00f6 sijoittaa varansa kuitenkin ensisijaisesti rahastojen kautta, jolloin salkuissa saattaa olla v\u00e4h\u00e4inen m\u00e4\u00e4r\u00e4 ep\u00e4eettiseksi n\u00e4ht\u00e4vi\u00e4 tuotteita.<\/p>\n<p class=\"font_8\">\n<p class=\"font_8\">Sijoituskohteita valittaessa v\u00e4ltett\u00e4vi\u00e4 toimialoja ovat ase- ja tupakkateollisuus, uhkapelit sek\u00e4 fossiilisia polttoaineita tuottavat ja jalostavat yritykset. Eettisesti vastuulliseksi rahastoksi lasketaan sellaiset rahastot, joiden sijoitusportfolioihin liittyy toimintaa edell\u00e4 mainituilla toimialoilla enint\u00e4\u00e4n 12 % salkun kulloisestakin arvosta vuoden mittaisella tarkastelujaksolla. Jos kahden tai useamman sijoitusinstrumentin tuotto-odotus on samankaltainen, valitaan n\u00e4ist\u00e4 eettisesti kest\u00e4v\u00e4mpi vaihtoehto. Suoraan osakkeisiin sijoitettaessa sijoituskohteen p\u00e4\u00e4toimiala ei saa olla edell\u00e4 mainituilla toimialoilla.<\/p>\n<\/div>\n","protected":false},"excerpt":{"rendered":"<p>s\u00e4\u00e4ti\u00f6n Eettisen toiminnan linjaukset Linjauksen teht\u00e4v\u00e4 T\u00e4m\u00e4n linjauksen teht\u00e4v\u00e4n\u00e4 on olla helposti ymm\u00e4rrett\u00e4viss\u00e4 oleva asiakirja, jonka mukaan s\u00e4\u00e4ti\u00f6 toimii sijoittaessaan ja hallinnoidessa sen hallussa olevaa omaisuutta. Linjaus on vahvistettu s\u00e4\u00e4ti\u00f6n &#8230;<\/p>\n","protected":false},"author":1,"featured_media":0,"parent":0,"menu_order":0,"comment_status":"closed","ping_status":"closed","template":"","meta":{"footnotes":""},"class_list":["post-10","page","type-page","status-publish","hentry"],"_links":{"self":[{"href":"http:\/\/www.protusaatio.fi\/index.php?rest_route=\/wp\/v2\/pages\/10"}],"collection":[{"href":"http:\/\/www.protusaatio.fi\/index.php?rest_route=\/wp\/v2\/pages"}],"about":[{"href":"http:\/\/www.protusaatio.fi\/index.php?rest_route=\/wp\/v2\/types\/page"}],"author":[{"embeddable":true,"href":"http:\/\/www.protusaatio.fi\/index.php?rest_route=\/wp\/v2\/users\/1"}],"replies":[{"embeddable":true,"href":"http:\/\/www.protusaatio.fi\/index.php?rest_route=%2Fwp%2Fv2%2Fcomments&post=10"}],"version-history":[{"count":1,"href":"http:\/\/www.protusaatio.fi\/index.php?rest_route=\/wp\/v2\/pages\/10\/revisions"}],"predecessor-version":[{"id":11,"href":"http:\/\/www.protusaatio.fi\/index.php?rest_route=\/wp\/v2\/pages\/10\/revisions\/11"}],"wp:attachment":[{"href":"http:\/\/www.protusaatio.fi\/index.php?rest_route=%2Fwp%2Fv2%2Fmedia&parent=10"}],"curies":[{"name":"wp","href":"https:\/\/api.w.org\/{rel}","templated":true}]}}