{"id":12,"date":"2018-09-04T12:42:32","date_gmt":"2018-09-04T12:42:32","guid":{"rendered":"http:\/\/www.protusaatio.fi\/?page_id=12"},"modified":"2020-12-10T12:42:08","modified_gmt":"2020-12-10T12:42:08","slug":"saannot","status":"publish","type":"page","link":"http:\/\/www.protusaatio.fi\/?page_id=12","title":{"rendered":"S\u00e4\u00e4nn\u00f6t"},"content":{"rendered":"\n<p><strong>S\u00c4\u00c4TI\u00d6N S\u00c4\u00c4NN\u00d6T<\/strong><\/p>\n\n\n\n<p><strong>Prometheus-leiritoiminnan tukis\u00e4\u00e4ti\u00f6 -nimisen s\u00e4\u00e4ti\u00f6n s\u00e4\u00e4nn\u00f6t<\/strong><\/p>\n\n\n\n<p><strong>S\u00e4\u00e4ti\u00f6n nimi ja kotipaikka<\/strong><\/p>\n\n\n\n<p><strong>1 \u00a7 <\/strong>S\u00e4\u00e4ti\u00f6n nimi on Prometheus-leiritoiminnan tukis\u00e4\u00e4ti\u00f6, ruotsiksi Prometheus-l\u00e4gerverksamhetens st\u00f6dstiftelse ja kotipaikka Helsinki.<\/p>\n\n\n\n<p><strong>S\u00e4\u00e4ti\u00f6n tarkoitus<\/strong><\/p>\n\n\n\n<p><strong>2 \u00a7 <\/strong>S\u00e4\u00e4ti\u00f6n tarkoituksena on tukea sellaista uskonnollisesti ja poliittisesti sitoutumatonta aikuistumiskoulutusta, jonka tavoitteena on tukea nuoria n\u00e4iden yksil\u00f6llisen el\u00e4m\u00e4nkatsomuksen muodostamisessa, samalla ehk\u00e4isten eriarvoistumista.<\/p>\n\n\n\n<p><strong>Tarkoituksen toteuttaminen<\/strong><\/p>\n\n\n\n<p><strong>3 \u00a7 <\/strong>S\u00e4\u00e4ti\u00f6 toteuttaa tarkoitustaan my\u00f6nt\u00e4m\u00e4ll\u00e4 avustuksia s\u00e4\u00e4ti\u00f6n tarkoituksen mukaista toimintaa j\u00e4rjest\u00e4ville yleishy\u00f6dyllisille yhteis\u00f6ille. S\u00e4\u00e4ti\u00f6n toiminnassa tulee pyrki\u00e4 toiminnalliseen ja taloudelliseen avoimuuteen.<\/p>\n\n\n\n<p><strong>3.1 \u00a7<\/strong>S\u00e4\u00e4ti\u00f6ll\u00e4 tulee olla hallintoneuvoston vahvistama toistaiseksi voimassa oleva eettinen linjaus toiminnan ja talouden julkisuudesta sek\u00e4 sijoitustoiminnan eettisyydest\u00e4.&nbsp;<\/p>\n\n\n\n<p><strong>S\u00e4\u00e4dep\u00e4\u00e4oma<\/strong><\/p>\n\n\n\n<p><strong>4 \u00a7 <\/strong>S\u00e4\u00e4ti\u00f6n s\u00e4\u00e4dep\u00e4\u00e4omaksi on luovutettu satatuhatta (100 000) euroa. S\u00e4\u00e4ti\u00f6n varat on sijoitettava varmalla ja tuloa tuottavalla tavalla. S\u00e4\u00e4ti\u00f6ll\u00e4 on oikeus ottaa vastaan lahjoituksia ja testamentteja sek\u00e4 kartuttaa omaisuuttaan muillakin tavoin, ei kuitenkaan harjoittamalla liiketoimintaa.<\/p>\n\n\n\n<p><strong>Toimielimet ja toimihenkil\u00f6t<\/strong><\/p>\n\n\n\n<p><strong>5 \u00a7 <\/strong>S\u00e4\u00e4ti\u00f6ll\u00e4 on hallintoneuvosto ja hallitus. Hallintoneuvostolla ja hallituksella on oikeus asettaa s\u00e4\u00e4ti\u00f6n toiminnassa tarvittavia valiokuntia ja ty\u00f6ryhmi\u00e4. S\u00e4\u00e4ti\u00f6ll\u00e4 voi olla asiamies sek\u00e4 toiminnassa tarvittavia muita toimihenkil\u00f6it\u00e4.&nbsp;<\/p>\n\n\n\n<p>HALLINTONEUVOSTO&nbsp;<\/p>\n\n\n\n<p><strong>6 \u00a7 Hallintoneuvoston kokoonpano, valintatapa ja toimikausi&nbsp;<\/strong><\/p>\n\n\n\n<p>S\u00e4\u00e4ti\u00f6n ensimm\u00e4inen hallintoneuvosto nimet\u00e4\u00e4n s\u00e4\u00e4dekirjassa. T\u00e4m\u00e4n j\u00e4lkeen Prometheus-leirin tuki ry:n hallitus nime\u00e4\u00e4 s\u00e4\u00e4ti\u00f6n hallintoneuvostoon 5\u201310 j\u00e4sent\u00e4 ja 0\u20135 varaj\u00e4sent\u00e4. Prometheus-leirin tuki ry:n hallitus nime\u00e4\u00e4 vuodeksi kerrallaan hallintoneuvoston puheenjohtajan ja varapuheenjohtajan.<\/p>\n\n\n\n<p>Mik\u00e4li valitsijataho ei ole nimennyt j\u00e4seni\u00e4 s\u00e4\u00e4ti\u00f6n hallintoneuvostoon seuraavaksi toimikaudeksi edell\u00e4 mainitun mukaisesti viimeist\u00e4\u00e4n toimikauden alkamista edelt\u00e4v\u00e4n kuukauden 14. p\u00e4iv\u00e4n\u00e4 tai nimennyt puheenjohtajaa tai varapuheenjohtajaa taikka mik\u00e4li Prometheus-leirin tuki ry on purkautunut tai lakkautettu taikka sit\u00e4 muutoin ei ole olemassa, t\u00e4ydent\u00e4\u00e4 s\u00e4\u00e4ti\u00f6n hallintoneuvosto itse itse\u00e4\u00e4n. Hallintoneuvostoon valitaan tuolloin 10 j\u00e4sent\u00e4 ja 0-5 varaj\u00e4sent\u00e4 kahdeksi kalenterivuodeksi kerrallaan. Ensimm\u00e4isen hallintoneuvoston toimikausi p\u00e4\u00e4ttyy 31.12.2016. T\u00e4m\u00e4n j\u00e4lkeen toimikausi on kaksi kalenterivuotta.<\/p>\n\n\n\n<p><strong>7 \u00a7 Hallintoneuvoston teht\u00e4v\u00e4t&nbsp;<\/strong><\/p>\n\n\n\n<p>Hallintoneuvosto ohjaa ja valvoo s\u00e4\u00e4ti\u00f6n toimintaa. Hallintoneuvoston on erityisesti&nbsp;<\/p>\n\n\n\n<p>&#8211; p\u00e4\u00e4tett\u00e4v\u00e4 keskeisist\u00e4 periaatteista ja suuntaviivoista, joiden mukaan hallituksen on s\u00e4\u00e4ti\u00f6n tarkoitusta toteutettava ja varoja hoidettava; ja&nbsp;<\/p>\n\n\n\n<p>&#8211; valvottava, ett\u00e4 s\u00e4\u00e4ti\u00f6n varoja k\u00e4ytet\u00e4\u00e4n s\u00e4\u00e4nt\u00f6jen mukaisesti.&nbsp;<\/p>\n\n\n\n<p>T\u00e4m\u00e4n lis\u00e4ksi hallintoneuvosto&nbsp;<\/p>\n\n\n\n<p>&#8211; vahvistaa toimintasuunnitelman ja talousarvion;&nbsp;<\/p>\n\n\n\n<p>&#8211; k\u00e4sittelee s\u00e4\u00e4ti\u00f6n vuosikertomuksen;&nbsp;<\/p>\n\n\n\n<p>&#8211; vahvistaa s\u00e4\u00e4ti\u00f6n tilinp\u00e4\u00e4t\u00f6ksen sek\u00e4 p\u00e4\u00e4tt\u00e4\u00e4 toimenpiteist\u00e4, joihin tilinp\u00e4\u00e4t\u00f6s mahdollisesti antaa aihetta;&nbsp;<\/p>\n\n\n\n<p>&#8211; p\u00e4\u00e4tt\u00e4\u00e4 hallintoneuvoston puheenjohtajan, varapuheenjohtajan ja muiden j\u00e4senten sek\u00e4 hallituksen puheenjohtajan, varapuheenjohtajan ja muiden j\u00e4senten valinnasta, mik\u00e4li j\u00e4seni\u00e4 ei ole valittu s\u00e4\u00e4nn\u00f6iss\u00e4 mainitun mukaisesti;&nbsp;<\/p>\n\n\n\n<p>&#8211; p\u00e4\u00e4tt\u00e4\u00e4 tilintarkastajien ja varatilintarkastajien valinnasta;&nbsp;<\/p>\n\n\n\n<p>&#8211; p\u00e4\u00e4tt\u00e4\u00e4 kokouspalkkioista ja muista toimielinten j\u00e4senten palkkioista tai niiden perusteista;&nbsp;<\/p>\n\n\n\n<p>&#8211; vahvistaa toimielimi\u00e4, toimihenkil\u00f6it\u00e4 sek\u00e4 s\u00e4\u00e4ti\u00f6n toimintaa koskevat ty\u00f6j\u00e4rjestykset ja ohjes\u00e4\u00e4nn\u00f6t;&nbsp;<\/p>\n\n\n\n<p>&#8211; asettaa s\u00e4\u00e4ti\u00f6n toiminnassa tarvittavia valiokuntia ja ty\u00f6ryhmi\u00e4;<\/p>\n\n\n\n<p>&#8211; p\u00e4\u00e4tt\u00e4\u00e4 erillisrahastojen perustamisesta ja lakkauttamisesta;&nbsp;<\/p>\n\n\n\n<p>&#8211; p\u00e4\u00e4tt\u00e4\u00e4 s\u00e4\u00e4ti\u00f6n s\u00e4\u00e4nt\u00f6jen muuttamisesta ja s\u00e4\u00e4ti\u00f6n lakkauttamisesta.<\/p>\n\n\n\n<p>Jos hallitus on toiminut lain tai s\u00e4\u00e4nt\u00f6jen vastaisesti, voi hallintoneuvosto velvoittaa hallituksen ryhtym\u00e4\u00e4n toimiin oikaisun aikaansaamiseksi tai kielt\u00e4\u00e4 virheellisen p\u00e4\u00e4t\u00f6ksen t\u00e4yt\u00e4nt\u00f6\u00f6npanon. Jos s\u00e4\u00e4ti\u00f6lle on aiheutettu vahinkoa, voi hallintoneuvosto velvoittaa s\u00e4\u00e4ti\u00f6n hallituksen ryhtym\u00e4\u00e4n toimiin, jotta vahingon aiheuttajalta vaaditaan korvausta s\u00e4\u00e4ti\u00f6lle aiheutuneesta vahingosta.&nbsp;<\/p>\n\n\n\n<p><strong>8 \u00a7 Hallintoneuvoston kokous&nbsp;<\/strong><\/p>\n\n\n\n<p>Hallintoneuvosto kokoontuu kev\u00e4tkokoukseen kes\u00e4kuun loppuun menness\u00e4 ja syyskokoukseen joulukuun loppuun menness\u00e4. Hallintoneuvosto kokoontuu muulloinkin, jos hallintoneuvoston puheenjohtaja tai s\u00e4\u00e4ti\u00f6n hallitus pit\u00e4\u00e4 sit\u00e4 tarpeellisena tai jos v\u00e4hint\u00e4\u00e4n kaksi hallintoneuvoston j\u00e4sent\u00e4 sit\u00e4 kirjallisesti puheenjohtajalta vaatii. Kokouskutsu on toimitettava hallintoneuvoston j\u00e4senelle kirjallisesti, s\u00e4hk\u00f6postilla tai muuten todisteellisesti viimeist\u00e4\u00e4n viisi p\u00e4iv\u00e4\u00e4 ennen kokousta.&nbsp;<\/p>\n\n\n\n<p>Hallintoneuvoston kev\u00e4tkokouksessa:&nbsp;<\/p>\n\n\n\n<p>&#8211; esitet\u00e4\u00e4n hallituksen kertomus s\u00e4\u00e4ti\u00f6n edellisen kalenterivuoden toiminnasta ja tilinp\u00e4\u00e4t\u00f6s;&nbsp;<\/p>\n\n\n\n<p>&#8211; esitet\u00e4\u00e4n tilintarkastuskertomus;<\/p>\n\n\n\n<p>&#8211; p\u00e4\u00e4tet\u00e4\u00e4n tilinp\u00e4\u00e4t\u00f6ksen vahvistamisesta sek\u00e4 toimenpiteist\u00e4, joihin se mahdollisesti antaa aihetta;&nbsp;<\/p>\n\n\n\n<p>&#8211; k\u00e4sitell\u00e4\u00e4n muut asiat, joista hallintoneuvosto on n\u00e4iden s\u00e4\u00e4nt\u00f6jen mukaan oikeutettu p\u00e4\u00e4tt\u00e4m\u00e4\u00e4n.<\/p>\n\n\n\n<p>Hallintoneuvoston syyskokouksessa:&nbsp;<\/p>\n\n\n\n<p>&#8211; vahvistetaan toimintasuunnitelma ja talousarvio seuraavalle vuodelle;&nbsp;<\/p>\n\n\n\n<p>&#8211; valitaan tilintarkastajat seuraavaksi kalenterivuodeksi;&nbsp;<\/p>\n\n\n\n<p>&#8211; p\u00e4\u00e4tet\u00e4\u00e4n mahdollisista palkkioista ja niiden perusteista seuraavaksi kalenterivuodeksi;&nbsp;<\/p>\n\n\n\n<p>&#8211; valitaan j\u00e4senet hallitukseen sek\u00e4 hallituksen puheenjohtaja ja varapuheenjohtaja seuraavaksi kalenterivuodeksi;&nbsp;<\/p>\n\n\n\n<p>&#8211; valitaan tarvittaessa j\u00e4senet hallintoneuvostoon;&nbsp;<\/p>\n\n\n\n<p>&#8211; k\u00e4sitell\u00e4\u00e4n muut asiat, joista hallintoneuvosto n\u00e4iden s\u00e4\u00e4nt\u00f6jen mukaan on oikeutettu p\u00e4\u00e4tt\u00e4m\u00e4\u00e4n.&nbsp;<\/p>\n\n\n\n<p><strong>9 \u00a7 Hallintoneuvoston p\u00e4\u00e4t\u00f6ksenteko<\/strong><\/p>\n\n\n\n<p>Hallintoneuvosto on p\u00e4\u00e4t\u00f6svaltainen, kun puheenjohtaja tai varapuheenjohtaja ja v\u00e4hint\u00e4\u00e4n puolet muista j\u00e4senist\u00e4 on l\u00e4sn\u00e4. P\u00e4\u00e4t\u00f6kseksi tulee se mielipide, jota enemm\u00e4n kuin puolet l\u00e4sn\u00e4 olevista j\u00e4senist\u00e4 on kannattanut, jollei s\u00e4\u00e4ti\u00f6laista tai n\u00e4ist\u00e4 s\u00e4\u00e4nn\u00f6ist\u00e4 muuta johdu. Kokouksessa toimitettavassa vaalissa noudatetaan enemmist\u00f6vaalitapaa, jollei henkil\u00f6valinta tapahdu yksimielisesti. Kun vaaleissa on valittava useista ehdokkaista vain yksi henkil\u00f6, tulee ehdokkaan kuitenkin tullakseen valituksi saada yli puolet \u00e4\u00e4nestykseen osallistuneiden \u00e4\u00e4nist\u00e4. Ellei kukaan ehdokkaista saa vaadittavaa enemmist\u00f6\u00e4, suoritetaan kahden eniten \u00e4\u00e4ni\u00e4 saaneen v\u00e4lill\u00e4 toinen \u00e4\u00e4nestys. \u00c4\u00e4nten menness\u00e4 tasan ratkaisee puheenjohtajan \u00e4\u00e4ni, henkil\u00f6vaaleissa kuitenkin arpa.&nbsp;<\/p>\n\n\n\n<p>HALLITUS&nbsp;<\/p>\n\n\n\n<p><strong>10 \u00a7 Hallitus<\/strong><\/p>\n\n\n\n<p>S\u00e4\u00e4ti\u00f6n asioita hoitaa ja sit\u00e4 edustaa s\u00e4\u00e4ti\u00f6n hallintoneuvoston nimitt\u00e4m\u00e4 hallitus, johon kuuluu 3\u201310 j\u00e4sent\u00e4. S\u00e4\u00e4ti\u00f6n hallintoneuvosto nime\u00e4\u00e4 my\u00f6s hallituksen puheenjohtajan ja varapuheenjohtajan vuodeksi kerrallaan. Ensimm\u00e4isen hallituksen toimikausi p\u00e4\u00e4ttyy 31.12.2016. T\u00e4m\u00e4n j\u00e4lkeen toimikausi on yksi kalenterivuosi.<\/p>\n\n\n\n<p><strong>11 \u00a7 Hallituksen kokous<\/strong><\/p>\n\n\n\n<p>Hallitus kokoontuu puheenjohtajan tai h\u00e4nen estyneen\u00e4 ollessaan varapuheenjohtajan kutsusta.<\/p>\n\n\n\n<p>Hallitus on p\u00e4\u00e4t\u00f6svaltainen, kun saapuvilla on enemm\u00e4n kuin puolet hallituksen<\/p>\n\n\n\n<p>kaikista j\u00e4senist\u00e4.<\/p>\n\n\n\n<p>Kutsu hallituksen kokouksiin toimitetaan todistettavalla tavalla kirjallisesti kullekin j\u00e4senelle v\u00e4hint\u00e4\u00e4n viisi p\u00e4iv\u00e4\u00e4 ennen kokousta. Muut tiedonannot hallituksen j\u00e4senille toimitetaan samalla tavalla.<\/p>\n\n\n\n<p>P\u00e4\u00e4t\u00f6kset tehd\u00e4\u00e4n yksinkertaisella \u00e4\u00e4ntenenemmist\u00f6ll\u00e4, mik\u00e4li n\u00e4ist\u00e4 s\u00e4\u00e4nn\u00f6ist\u00e4 ei muuta johdu. \u00c4\u00e4nten menness\u00e4 tasan ratkaistaan vaalit arvalla, mutta muissa asioissa tulee p\u00e4\u00e4t\u00f6kseksi se mielipide, johon kokouksen puheenjohtaja on yhtynyt. Hallituksen kokouksista on laadittava p\u00f6yt\u00e4kirja, johon merkit\u00e4\u00e4n tehdyt p\u00e4\u00e4t\u00f6kset ja tapahtuneet \u00e4\u00e4nestykset. P\u00f6yt\u00e4kirjan allekirjoittaa kokouksen puheenjohtaja ja v\u00e4hint\u00e4\u00e4n yksi kokouksessa siihen valittu j\u00e4sen.<\/p>\n\n\n\n<p><strong>S\u00e4\u00e4ti\u00f6n nimen kirjoittaminen<\/strong><\/p>\n\n\n\n<p><strong>12 \u00a7 <\/strong>S\u00e4\u00e4ti\u00f6n nimen kirjoittavat hallituksen puheenjohtaja ja varapuheenjohtaja yhdess\u00e4 tai toinen heist\u00e4 yhdess\u00e4 hallituksen jonkun muun j\u00e4senen kanssa. Hallitus voi oikeuttaa s\u00e4\u00e4ti\u00f6n toimihenkil\u00f6n tai muun henkil\u00f6n kirjoittamaan s\u00e4\u00e4ti\u00f6n nimen yksin.<\/p>\n\n\n\n<p><strong>Tilikausi ja tilintarkastus<\/strong><\/p>\n\n\n\n<p><strong>13 \u00a7 <\/strong>S\u00e4\u00e4ti\u00f6n tilikausi on kalenterivuosi. Tilit ja hallituksen kertomus s\u00e4\u00e4ti\u00f6n toiminnasta edellisen\u00e4 vuonna on annettava huhtikuun aikana tilintarkastajalle, jonka on annettava kertomuksensa toukokuun kuluessa.&nbsp;<\/p>\n\n\n\n<p><strong>Vuosiselvitysten ja ilmoitusten tekeminen Patentti- ja rekisterihallitukselle<\/strong><\/p>\n\n\n\n<p><strong>14 \u00a7 <\/strong>Oikeaksi todistetut j\u00e4ljenn\u00f6kset tuloslaskelmasta ja taseesta liitteineen, tase-erittelyist\u00e4 sek\u00e4 toiminta- ja tilintarkastuskertomuksista on kuuden kuukauden kuluessa tilikauden p\u00e4\u00e4ttymisest\u00e4 toimitettava Patentti- ja rekisterihallitukselle. Hallituksen j\u00e4senen ja nimenkirjoittajien vaihtumisesta on viivytyksett\u00e4 teht\u00e4v\u00e4 ilmoitus Patentti- ja rekisterihallituksen s\u00e4\u00e4ti\u00f6rekisteriin.&nbsp;<\/p>\n\n\n\n<p><strong>S\u00e4\u00e4nt\u00f6jen muuttaminen ja s\u00e4\u00e4ti\u00f6n lakkauttaminen<\/strong><\/p>\n\n\n\n<p><strong>15 \u00a7 <\/strong>S\u00e4\u00e4ti\u00f6n s\u00e4\u00e4nt\u00f6j\u00e4 voidaan muuttaa, mik\u00e4li v\u00e4hint\u00e4\u00e4n 4\/5 hallintoneuvoston kaikista j\u00e4senist\u00e4 sit\u00e4 kannattaa. S\u00e4\u00e4nt\u00f6muutokselle on saatava Patentti- ja rekisterihallituksen vahvistus. S\u00e4\u00e4ti\u00f6n lakkauttamisesta p\u00e4\u00e4tet\u00e4\u00e4n samassa j\u00e4rjestyksess\u00e4.<\/p>\n\n\n\n<p><strong>16 \u00a7 <\/strong>Jos s\u00e4\u00e4ti\u00f6 lakkautetaan, k\u00e4ytet\u00e4\u00e4n s\u00e4\u00e4ti\u00f6n varat s\u00e4\u00e4ti\u00f6n hallintoneuvoston p\u00e4\u00e4tt\u00e4m\u00e4ll\u00e4 tavalla s\u00e4\u00e4nt\u00f6jen 2 \u00a7:ss\u00e4 mainittuun tarkoitukseen.<\/p>\n","protected":false},"excerpt":{"rendered":"<p>S\u00c4\u00c4TI\u00d6N S\u00c4\u00c4NN\u00d6T Prometheus-leiritoiminnan tukis\u00e4\u00e4ti\u00f6 -nimisen s\u00e4\u00e4ti\u00f6n s\u00e4\u00e4nn\u00f6t S\u00e4\u00e4ti\u00f6n nimi ja kotipaikka 1 \u00a7 S\u00e4\u00e4ti\u00f6n nimi on Prometheus-leiritoiminnan tukis\u00e4\u00e4ti\u00f6, ruotsiksi Prometheus-l\u00e4gerverksamhetens st\u00f6dstiftelse ja kotipaikka Helsinki. S\u00e4\u00e4ti\u00f6n tarkoitus 2 \u00a7 S\u00e4\u00e4ti\u00f6n tarkoituksena &#8230;<\/p>\n","protected":false},"author":1,"featured_media":0,"parent":0,"menu_order":0,"comment_status":"closed","ping_status":"closed","template":"","meta":{"footnotes":""},"class_list":["post-12","page","type-page","status-publish","hentry"],"_links":{"self":[{"href":"http:\/\/www.protusaatio.fi\/index.php?rest_route=\/wp\/v2\/pages\/12"}],"collection":[{"href":"http:\/\/www.protusaatio.fi\/index.php?rest_route=\/wp\/v2\/pages"}],"about":[{"href":"http:\/\/www.protusaatio.fi\/index.php?rest_route=\/wp\/v2\/types\/page"}],"author":[{"embeddable":true,"href":"http:\/\/www.protusaatio.fi\/index.php?rest_route=\/wp\/v2\/users\/1"}],"replies":[{"embeddable":true,"href":"http:\/\/www.protusaatio.fi\/index.php?rest_route=%2Fwp%2Fv2%2Fcomments&post=12"}],"version-history":[{"count":2,"href":"http:\/\/www.protusaatio.fi\/index.php?rest_route=\/wp\/v2\/pages\/12\/revisions"}],"predecessor-version":[{"id":26,"href":"http:\/\/www.protusaatio.fi\/index.php?rest_route=\/wp\/v2\/pages\/12\/revisions\/26"}],"wp:attachment":[{"href":"http:\/\/www.protusaatio.fi\/index.php?rest_route=%2Fwp%2Fv2%2Fmedia&parent=12"}],"curies":[{"name":"wp","href":"https:\/\/api.w.org\/{rel}","templated":true}]}}