{"id":6,"date":"2018-09-04T12:40:01","date_gmt":"2018-09-04T12:40:01","guid":{"rendered":"http:\/\/www.protusaatio.fi\/?page_id=6"},"modified":"2024-09-12T14:55:32","modified_gmt":"2024-09-12T14:55:32","slug":"kotisivu","status":"publish","type":"page","link":"https:\/\/www.protusaatio.fi\/","title":{"rendered":"Kotisivu"},"content":{"rendered":"<h5><a style=\"color: #957b5f;\">Avustusten hakeminen<\/a><\/h5>\n<p>Prometheus-leiritoiminnan tukis\u00e4\u00e4ti\u00f6n my\u00f6nt\u00e4m\u00e4\u00e4 tukea voi hakea nykyisin ymp\u00e4ri vuoden. Tutustuthan hakulomakkeella oleviin, hakukelpoisuutta koskeviin tietoihin tarkasti ennen hakemuksen l\u00e4hett\u00e4mist\u00e4.<\/p>\n<p>Hakulomakkeelle p\u00e4\u00e4set <a href=\"https:\/\/docs.google.com\/forms\/d\/1e0ZtPQ3owTDDR0Y6WFpr4Mj4t2vJ-oYE08-tUkjY4lk\">t\u00e4st\u00e4 linkist\u00e4<\/a>.<\/p>\n<h5><a style=\"color: #957b5f;\">TOIMINNAN TARKOITUS<\/a><\/h5>\n<div id=\"comp-ipqtw6mt1\" class=\"txtNew\" data-packed=\"false\" data-min-height=\"137\">\n<p class=\"font_8\">Prometheus-leiritoiminnan tukis\u00e4\u00e4ti\u00f6n tarkoituksena on tukea sellaista uskonnollisesti ja poliittisesti sitoutumatonta aikuistumiskoulutusta, jonka tavoitteena on tukea nuoria n\u00e4iden yksil\u00f6llisen el\u00e4m\u00e4nkatsomuksen muodostamisessa, samalla ehk\u00e4isten eriarvoistumista.<\/p>\n<p class=\"font_8\">S\u00e4\u00e4ti\u00f6 noudattaa sijoitustoiminnassaan vastuullisia periaatteita. S\u00e4\u00e4ti\u00f6n eettisen toiminnan linjaukset voi lukea\u00a0<a href=\"http:\/\/www.protusaatio.fi\/?page_id=10\"><span class=\"color_19\">t\u00e4\u00e4lt\u00e4<\/span><\/a>.<\/p>\n<p class=\"font_8\">S\u00e4\u00e4ti\u00f6ll\u00e4 on hallitus, johon kuuluu 3-10 j\u00e4sent\u00e4 sek\u00e4 hallintoneuvosto, johon kuuluu 5-10 varsinaista j\u00e4sent\u00e4 sek\u00e4 0-5 varaj\u00e4sent\u00e4. S\u00e4\u00e4ti\u00f6n s\u00e4\u00e4nn\u00f6t voi lukea <a href=\"http:\/\/www.protusaatio.fi\/?page_id=12\"><span class=\"color_19\">t\u00e4\u00e4lt\u00e4<\/span><\/a>.<\/p>\n<\/div>\n<div id=\"comp-il9mh6oc1\" class=\"txtNew\" data-packed=\"true\">\n<h5 class=\"font_5\"><span style=\"color: #957b5f;\"><a style=\"color: #957b5f;\">TOIMINTA JA HISTORIA<\/a><\/span><\/h5>\n<\/div>\n<div id=\"comp-il9mh6oc\" class=\"txtNew\" data-packed=\"false\" data-min-height=\"99\">\n<p class=\"font_8\">S\u00e4\u00e4ti\u00f6 jakaa avustuksia s\u00e4\u00e4ti\u00f6n tarkoituksen mukaista toimintaa j\u00e4rjest\u00e4ville yleishy\u00f6dyllisilleyhteis\u00f6ille. Avustuksen hakuajoista tiedotetaan n\u00e4ill\u00e4 verkkosivuilla.<\/p>\n<p class=\"font_8\">S\u00e4\u00e4ti\u00f6 on perustettu vuonna 2018, ja sen varsinainen toiminta on k\u00e4ynnistynyt vuoden 2019 aikana. S\u00e4\u00e4ti\u00f6ll\u00e4 on 100\u00a0000 euron suuruinen s\u00e4\u00e4dep\u00e4\u00e4oma, jonka tuottoa voidaan jakaa s\u00e4\u00e4ti\u00f6n tarkoituksen mukaiseen toimintaan.<\/p>\n<\/div>\n<div id=\"comp-il9mljoe\" class=\"txtNew\" data-packed=\"true\">\n<h5 class=\"font_5\"><span style=\"color: #957b5f;\"><a style=\"color: #957b5f;\">HALLITUS JA YHTEYSTIEDOT<\/a><\/span><\/h5>\n<\/div>\n<div id=\"comp-il9mljof\" class=\"txtNew\" data-packed=\"true\">\n<p class=\"font_8\">S\u00e4\u00e4ti\u00f6n hallitukseen saa yhteyden s\u00e4hk\u00f6postiosoitteesta <a href=\"mailto:saatio@protu.fi\">saatio@protu.fi<\/a>.<\/p>\n<p class=\"font_8\">\u200b<\/p>\n<p class=\"font_8\">Puheenjohtaja<br \/>\nAntti Iso-Markku<\/p>\n<p class=\"font_8\">Hallituksen j\u00e4sen<br \/>\nHanna Timonen<\/p>\n<\/div>\n<p>Hallituksen j\u00e4sen<br \/>\nSari Santala<\/p>\n<p>Hallituksen j\u00e4sen<br \/>\nIlmari Ayres<\/p>\n<div id=\"comp-il9mljof\" class=\"txtNew\" data-packed=\"true\">\n<p class=\"font_8\">Hallintoneuvoston puheenjohtaja<br \/>\nMira Ahjoniemi<\/p>\n<\/div>\n","protected":false},"excerpt":{"rendered":"<p>Avustusten hakeminen Prometheus-leiritoiminnan tukis\u00e4\u00e4ti\u00f6n my\u00f6nt\u00e4m\u00e4\u00e4 tukea voi hakea nykyisin ymp\u00e4ri vuoden. Tutustuthan hakulomakkeella oleviin, hakukelpoisuutta koskeviin tietoihin tarkasti ennen hakemuksen l\u00e4hett\u00e4mist\u00e4. Hakulomakkeelle p\u00e4\u00e4set t\u00e4st\u00e4 linkist\u00e4. TOIMINNAN TARKOITUS Prometheus-leiritoiminnan tukis\u00e4\u00e4ti\u00f6n tarkoituksena &#8230;<\/p>\n","protected":false},"author":1,"featured_media":0,"parent":0,"menu_order":0,"comment_status":"closed","ping_status":"closed","template":"","meta":{"footnotes":""},"class_list":["post-6","page","type-page","status-publish","hentry"],"_links":{"self":[{"href":"https:\/\/www.protusaatio.fi\/index.php?rest_route=\/wp\/v2\/pages\/6"}],"collection":[{"href":"https:\/\/www.protusaatio.fi\/index.php?rest_route=\/wp\/v2\/pages"}],"about":[{"href":"https:\/\/www.protusaatio.fi\/index.php?rest_route=\/wp\/v2\/types\/page"}],"author":[{"embeddable":true,"href":"https:\/\/www.protusaatio.fi\/index.php?rest_route=\/wp\/v2\/users\/1"}],"replies":[{"embeddable":true,"href":"https:\/\/www.protusaatio.fi\/index.php?rest_route=%2Fwp%2Fv2%2Fcomments&post=6"}],"version-history":[{"count":20,"href":"https:\/\/www.protusaatio.fi\/index.php?rest_route=\/wp\/v2\/pages\/6\/revisions"}],"predecessor-version":[{"id":64,"href":"https:\/\/www.protusaatio.fi\/index.php?rest_route=\/wp\/v2\/pages\/6\/revisions\/64"}],"wp:attachment":[{"href":"https:\/\/www.protusaatio.fi\/index.php?rest_route=%2Fwp%2Fv2%2Fmedia&parent=6"}],"curies":[{"name":"wp","href":"https:\/\/api.w.org\/{rel}","templated":true}]}}